{"id":1829,"date":"2022-11-14T11:11:09","date_gmt":"2022-11-14T14:11:09","guid":{"rendered":"http:\/\/sindirefeicoesrj.org.br\/?page_id=1829"},"modified":"2024-07-11T19:51:24","modified_gmt":"2024-07-11T22:51:24","slug":"juridico","status":"publish","type":"page","link":"http:\/\/sindirefeicoesho1.hospedagemdesites.ws\/?page_id=1829","title":{"rendered":"Atendimento Jur\u00eddico"},"content":{"rendered":"\t\t<div data-elementor-type=\"wp-page\" data-elementor-id=\"1829\" class=\"elementor elementor-1829\">\n\t\t\t\t\t\t<section class=\"elementor-section elementor-top-section elementor-element elementor-element-d55aeeb elementor-section-boxed elementor-section-height-default elementor-section-height-default\" data-id=\"d55aeeb\" data-element_type=\"section\" data-e-type=\"section\" data-settings=\"{&quot;background_background&quot;:&quot;classic&quot;}\">\n\t\t\t\t\t\t<div class=\"elementor-container elementor-column-gap-default\">\n\t\t\t\t\t<div class=\"elementor-column elementor-col-100 elementor-top-column elementor-element elementor-element-66a3573\" data-id=\"66a3573\" data-element_type=\"column\" data-e-type=\"column\">\n\t\t\t<div class=\"elementor-widget-wrap elementor-element-populated\">\n\t\t\t\t\t\t<div class=\"elementor-element elementor-element-3bea6d1 elementor-icon-list--layout-inline elementor-align-start elementor-list-item-link-full_width elementor-widget elementor-widget-icon-list\" data-id=\"3bea6d1\" data-element_type=\"widget\" data-e-type=\"widget\" data-widget_type=\"icon-list.default\">\n\t\t\t\t<div class=\"elementor-widget-container\">\n\t\t\t\t\t\t\t<ul class=\"elementor-icon-list-items elementor-inline-items\">\n\t\t\t\t\t\t\t<li class=\"elementor-icon-list-item elementor-inline-item\">\n\t\t\t\t\t\t\t\t\t\t<span class=\"elementor-icon-list-text\"><b>P\u00e1gina Principal <\/b><\/span>\n\t\t\t\t\t\t\t\t\t<\/li>\n\t\t\t\t\t\t\t\t<li class=\"elementor-icon-list-item elementor-inline-item\">\n\t\t\t\t\t\t\t\t\t\t\t<span class=\"elementor-icon-list-icon\">\n\t\t\t\t\t\t\t<i aria-hidden=\"true\" class=\"icon icon-right-arrow1\"><\/i>\t\t\t\t\t\t<\/span>\n\t\t\t\t\t\t\t\t\t\t<span class=\"elementor-icon-list-text\">Item N\u00ba 3 da lista<\/span>\n\t\t\t\t\t\t\t\t\t<\/li>\n\t\t\t\t\t\t<\/ul>\n\t\t\t\t\t\t<\/div>\n\t\t\t\t<\/div>\n\t\t\t\t\t<\/div>\n\t\t<\/div>\n\t\t\t\t\t<\/div>\n\t\t<\/section>\n\t\t\t\t<section class=\"elementor-section elementor-top-section elementor-element elementor-element-faf75b5 elementor-section-content-middle elementor-section-height-min-height elementor-section-boxed elementor-section-height-default elementor-section-items-middle\" data-id=\"faf75b5\" data-element_type=\"section\" data-e-type=\"section\" data-settings=\"{&quot;background_background&quot;:&quot;classic&quot;}\">\n\t\t\t\t\t\t\t<div class=\"elementor-background-overlay\"><\/div>\n\t\t\t\t\t\t\t<div class=\"elementor-container elementor-column-gap-no\">\n\t\t\t\t\t<div class=\"elementor-column elementor-col-100 elementor-top-column elementor-element elementor-element-6f3d125\" data-id=\"6f3d125\" data-element_type=\"column\" data-e-type=\"column\">\n\t\t\t<div class=\"elementor-widget-wrap elementor-element-populated\">\n\t\t\t\t\t\t<div class=\"elementor-element elementor-element-66f691e elementor-widget elementor-widget-heading\" data-id=\"66f691e\" data-element_type=\"widget\" data-e-type=\"widget\" data-widget_type=\"heading.default\">\n\t\t\t\t<div class=\"elementor-widget-container\">\n\t\t\t\t\t<h3 class=\"elementor-heading-title elementor-size-default\">Quem somos<\/h3>\t\t\t\t<\/div>\n\t\t\t\t<\/div>\n\t\t\t\t\t<\/div>\n\t\t<\/div>\n\t\t\t\t\t<\/div>\n\t\t<\/section>\n\t\t\t\t<section class=\"elementor-section elementor-top-section elementor-element elementor-element-f562fdf elementor-section-boxed elementor-section-height-default elementor-section-height-default\" data-id=\"f562fdf\" data-element_type=\"section\" data-e-type=\"section\" data-settings=\"{&quot;background_background&quot;:&quot;gradient&quot;}\">\n\t\t\t\t\t\t<div class=\"elementor-container elementor-column-gap-default\">\n\t\t\t\t\t<div class=\"elementor-column elementor-col-100 elementor-top-column elementor-element elementor-element-32564bb\" data-id=\"32564bb\" data-element_type=\"column\" data-e-type=\"column\" data-settings=\"{&quot;background_background&quot;:&quot;gradient&quot;}\">\n\t\t\t<div class=\"elementor-widget-wrap elementor-element-populated\">\n\t\t\t\t\t\t<div class=\"elementor-element elementor-element-d4dda3f elementor-widget elementor-widget-elementskit-heading\" data-id=\"d4dda3f\" data-element_type=\"widget\" data-e-type=\"widget\" data-widget_type=\"elementskit-heading.default\">\n\t\t\t\t<div class=\"elementor-widget-container\">\n\t\t\t\t\t<div class=\"ekit-wid-con\" ><div class=\"ekit-heading elementskit-section-title-wraper text_center   ekit_heading_tablet-   ekit_heading_mobile-\"><h2 class=\"ekit-heading--title elementskit-section-title \"><span><span>ENDERE\u00c7OS<\/span><\/span><\/h2><\/div><\/div>\t\t\t\t<\/div>\n\t\t\t\t<\/div>\n\t\t\t\t\t<\/div>\n\t\t<\/div>\n\t\t\t\t\t<\/div>\n\t\t<\/section>\n\t\t\t\t<section class=\"elementor-section elementor-top-section elementor-element elementor-element-26327612 elementor-section-height-min-height elementor-section-boxed elementor-section-height-default elementor-section-items-middle\" data-id=\"26327612\" data-element_type=\"section\" data-e-type=\"section\">\n\t\t\t\t\t\t<div class=\"elementor-container elementor-column-gap-default\">\n\t\t\t\t\t<div class=\"elementor-column elementor-col-100 elementor-top-column elementor-element elementor-element-364c1694\" data-id=\"364c1694\" data-element_type=\"column\" data-e-type=\"column\">\n\t\t\t<div class=\"elementor-widget-wrap elementor-element-populated\">\n\t\t\t\t\t\t<section class=\"elementor-section elementor-inner-section elementor-element elementor-element-a8aabd6 elementor-section-boxed elementor-section-height-default elementor-section-height-default\" data-id=\"a8aabd6\" data-element_type=\"section\" data-e-type=\"section\">\n\t\t\t\t\t\t<div class=\"elementor-container elementor-column-gap-default\">\n\t\t\t\t\t<div class=\"elementor-column elementor-col-33 elementor-inner-column elementor-element elementor-element-5462224\" data-id=\"5462224\" data-element_type=\"column\" data-e-type=\"column\">\n\t\t\t<div class=\"elementor-widget-wrap elementor-element-populated\">\n\t\t\t\t\t\t<div class=\"elementor-element elementor-element-7558a93 elementor-widget elementor-widget-text-editor\" data-id=\"7558a93\" data-element_type=\"widget\" data-e-type=\"widget\" data-widget_type=\"text-editor.default\">\n\t\t\t\t<div class=\"elementor-widget-container\">\n\t\t\t\t\t\t\t\t\t<h3><strong>Maca\u00e9 &#8211; RJ<\/strong><\/h3><p><b>Atendimento: <\/b>Ter\u00e7a-feira, das 09:30 \u00e0s 15:30.<br \/><b><\/b><\/p><p><span class=\"wysiwyg-color-black\"><b>End: <\/b>Rua Dr. Luiz Belgardi,136 &#8211; Sala 101 &#8211; Bairro de Embetiba.<\/span><\/p><p><span class=\"wysiwyg-color-black\"><b>CEP: <\/b>27.260-140 &#8211; Brasil<\/span><br \/><b><\/b><\/p><p><span class=\"wysiwyg-color-black\"><b>Tel: <\/b><strong>(22) 98114-0251 | (Whatsapp)<\/strong><\/span><\/p><p><span class=\"wysiwyg-color-black\"><strong>(22) 2793-3318<\/strong><\/span><\/p>\t\t\t\t\t\t\t\t<\/div>\n\t\t\t\t<\/div>\n\t\t\t\t\t<\/div>\n\t\t<\/div>\n\t\t\t\t<div class=\"elementor-column elementor-col-33 elementor-inner-column elementor-element elementor-element-d5229a3\" data-id=\"d5229a3\" data-element_type=\"column\" data-e-type=\"column\">\n\t\t\t<div class=\"elementor-widget-wrap elementor-element-populated\">\n\t\t\t\t\t\t<div class=\"elementor-element elementor-element-7aae735 elementor-widget elementor-widget-text-editor\" data-id=\"7aae735\" data-element_type=\"widget\" data-e-type=\"widget\" data-widget_type=\"text-editor.default\">\n\t\t\t\t<div class=\"elementor-widget-container\">\n\t\t\t\t\t\t\t\t\t<h3><strong>Centro &#8211; RJ<\/strong><\/h3><p><strong>Hor\u00e1rio:<\/strong>\u00a0Segunda \u00e0 Sexta-feira, das 09:00 \u00e0s 18:00.<\/p><p><span class=\"wysiwyg-color-black\"><b>End.:\u00a0<\/b>Av. Marechal C\u00e2mara, 160, Sala 1314 \u2013 Centro Emp. Charles de Gaulle, Centro, Rio de Janeiro \u2013 RJ<\/span><br \/><span class=\"wysiwyg-color-black\"><b>CEP:\u00a0<\/b>20.020-080<\/span><br \/><span class=\"wysiwyg-color-black\"><b>Tel: (21) 98011-8766 |\u00a0<\/b><strong>(Whatsapp)<\/strong><\/span><\/p><p><span class=\"wysiwyg-color-black\"><b>(21)2215-7106<\/b><\/span><\/p><p><strong>E-mail: <\/strong><span style=\"color: #ff0000;\">juridico.trabalhista@sindirefeicoesrj.org.br<\/span><\/p>\t\t\t\t\t\t\t\t<\/div>\n\t\t\t\t<\/div>\n\t\t\t\t\t<\/div>\n\t\t<\/div>\n\t\t\t\t<div class=\"elementor-column elementor-col-33 elementor-inner-column elementor-element elementor-element-def1f70\" data-id=\"def1f70\" data-element_type=\"column\" data-e-type=\"column\">\n\t\t\t<div class=\"elementor-widget-wrap elementor-element-populated\">\n\t\t\t\t\t\t<div class=\"elementor-element elementor-element-69b622d elementor-widget elementor-widget-text-editor\" data-id=\"69b622d\" data-element_type=\"widget\" data-e-type=\"widget\" data-widget_type=\"text-editor.default\">\n\t\t\t\t<div class=\"elementor-widget-container\">\n\t\t\t\t\t\t\t\t\t<h3><b>Volta Redonda &#8211; RJ<\/b><\/h3>\n<p><b>Atendimento: <\/b>Segunda \u00e0 quinta-feira, das 10:00 \u00e0s 17:00.<br><b><\/b><\/p>\n<p><strong>End: <\/strong><span class=\"selectable-text copyable-text\">Rua 18 B, n\u00ba 45, 5\u00ba andar, Vila Santa Cec\u00edlia<\/span><\/p>\n<p><span class=\"wysiwyg-color-black\"><b>CEP: <\/b>27260-100<\/span><br><b><\/b><\/p>\n<p><span class=\"wysiwyg-color-black\"><b>Tel: <span class=\"selectable-text copyable-text\">(24) 99994-1991<\/span><\/b><\/span><\/p>\n<p><span class=\"wysiwyg-color-black\"><b><span class=\"selectable-text copyable-text\">(24) 3346-0086<\/span><\/b><\/span><\/p>\t\t\t\t\t\t\t\t<\/div>\n\t\t\t\t<\/div>\n\t\t\t\t\t<\/div>\n\t\t<\/div>\n\t\t\t\t\t<\/div>\n\t\t<\/section>\n\t\t\t\t\t<\/div>\n\t\t<\/div>\n\t\t\t\t\t<\/div>\n\t\t<\/section>\n\t\t\t\t<section class=\"elementor-section elementor-top-section elementor-element elementor-element-601b5a62 elementor-section-height-min-height elementor-section-boxed elementor-section-height-default elementor-section-items-middle\" data-id=\"601b5a62\" data-element_type=\"section\" data-e-type=\"section\" data-settings=\"{&quot;background_background&quot;:&quot;classic&quot;}\">\n\t\t\t\t\t\t<div class=\"elementor-container elementor-column-gap-default\">\n\t\t\t\t\t<div class=\"elementor-column elementor-col-100 elementor-top-column elementor-element elementor-element-2743256d\" data-id=\"2743256d\" data-element_type=\"column\" data-e-type=\"column\">\n\t\t\t<div class=\"elementor-widget-wrap elementor-element-populated\">\n\t\t\t\t\t\t<section class=\"elementor-section elementor-inner-section elementor-element elementor-element-39bd9698 elementor-section-full_width elementor-section-height-default elementor-section-height-default\" data-id=\"39bd9698\" data-element_type=\"section\" data-e-type=\"section\">\n\t\t\t\t\t\t<div class=\"elementor-container elementor-column-gap-default\">\n\t\t\t\t\t<div class=\"elementor-column elementor-col-100 elementor-inner-column elementor-element elementor-element-25a05a9c\" data-id=\"25a05a9c\" data-element_type=\"column\" data-e-type=\"column\">\n\t\t\t<div class=\"elementor-widget-wrap elementor-element-populated\">\n\t\t\t\t\t\t<div class=\"elementor-element elementor-element-2ff96e93 elementor-widget elementor-widget-elementskit-heading\" data-id=\"2ff96e93\" data-element_type=\"widget\" data-e-type=\"widget\" data-widget_type=\"elementskit-heading.default\">\n\t\t\t\t<div class=\"elementor-widget-container\">\n\t\t\t\t\t<div class=\"ekit-wid-con\" ><div class=\"ekit-heading elementskit-section-title-wraper text_center   ekit_heading_tablet-   ekit_heading_mobile-\"><h2 class=\"ekit-heading--title elementskit-section-title \">Nossa localiza\u00e7\u00e3o<\/h2><\/div><\/div>\t\t\t\t<\/div>\n\t\t\t\t<\/div>\n\t\t\t\t\t<\/div>\n\t\t<\/div>\n\t\t\t\t\t<\/div>\n\t\t<\/section>\n\t\t\t\t<section class=\"elementor-section elementor-inner-section elementor-element elementor-element-2b5c5967 elementor-section-full_width elementor-section-height-default elementor-section-height-default\" data-id=\"2b5c5967\" data-element_type=\"section\" data-e-type=\"section\">\n\t\t\t\t\t\t<div class=\"elementor-container elementor-column-gap-default\">\n\t\t\t\t\t<div class=\"elementor-column elementor-col-100 elementor-inner-column elementor-element elementor-element-763fb2d5\" data-id=\"763fb2d5\" data-element_type=\"column\" data-e-type=\"column\">\n\t\t\t<div class=\"elementor-widget-wrap elementor-element-populated\">\n\t\t\t\t\t\t<div class=\"elementor-element elementor-element-ce89467 elementor-widget elementor-widget-google_maps\" data-id=\"ce89467\" data-element_type=\"widget\" data-e-type=\"widget\" data-widget_type=\"google_maps.default\">\n\t\t\t\t<div class=\"elementor-widget-container\">\n\t\t\t\t\t\t\t<div class=\"elementor-custom-embed\">\n\t\t\t<iframe loading=\"lazy\"\n\t\t\t\t\tsrc=\"https:\/\/maps.google.com\/maps?q=Av.%20Marechal%20C%C3%A2mara%2C%20160%2C%20Sala%201314&#038;t=m&#038;z=17&#038;output=embed&#038;iwloc=near\"\n\t\t\t\t\ttitle=\"Av. Marechal C\u00e2mara, 160, Sala 1314\"\n\t\t\t\t\taria-label=\"Av. Marechal C\u00e2mara, 160, Sala 1314\"\n\t\t\t><\/iframe>\n\t\t<\/div>\n\t\t\t\t\t\t<\/div>\n\t\t\t\t<\/div>\n\t\t\t\t\t<\/div>\n\t\t<\/div>\n\t\t\t\t\t<\/div>\n\t\t<\/section>\n\t\t\t\t\t<\/div>\n\t\t<\/div>\n\t\t\t\t\t<\/div>\n\t\t<\/section>\n\t\t\t\t<\/div>\n\t\t","protected":false},"excerpt":{"rendered":"<p>P\u00e1gina Principal ENDERE\u00c7OS Maca\u00e9 &#8211; RJ Atendimento: Ter\u00e7a-feira, das 09:30 \u00e0s 15:30. End: Rua Dr. Luiz Belgardi,136 &#8211; Sala 101 &#8211; Bairro de Embetiba. CEP: 27.260-140 &#8211; Brasil Tel: (22) 98114-0251 | (Whatsapp) (22) 2793-3318 Centro &#8211; RJ Hor\u00e1rio:\u00a0Segunda \u00e0 Sexta-feira, das 09:00 \u00e0s 18:00. End.:\u00a0Av. Marechal C\u00e2mara, 160, Sala 1314 \u2013 Centro Emp. Charles [&hellip;]<\/p>\n","protected":false},"author":1,"featured_media":0,"parent":0,"menu_order":0,"comment_status":"closed","ping_status":"closed","template":"elementor_header_footer","meta":{"footnotes":""},"class_list":["post-1829","page","type-page","status-publish","hentry"],"_links":{"self":[{"href":"http:\/\/sindirefeicoesho1.hospedagemdesites.ws\/index.php?rest_route=\/wp\/v2\/pages\/1829","targetHints":{"allow":["GET"]}}],"collection":[{"href":"http:\/\/sindirefeicoesho1.hospedagemdesites.ws\/index.php?rest_route=\/wp\/v2\/pages"}],"about":[{"href":"http:\/\/sindirefeicoesho1.hospedagemdesites.ws\/index.php?rest_route=\/wp\/v2\/types\/page"}],"author":[{"embeddable":true,"href":"http:\/\/sindirefeicoesho1.hospedagemdesites.ws\/index.php?rest_route=\/wp\/v2\/users\/1"}],"replies":[{"embeddable":true,"href":"http:\/\/sindirefeicoesho1.hospedagemdesites.ws\/index.php?rest_route=%2Fwp%2Fv2%2Fcomments&post=1829"}],"version-history":[{"count":77,"href":"http:\/\/sindirefeicoesho1.hospedagemdesites.ws\/index.php?rest_route=\/wp\/v2\/pages\/1829\/revisions"}],"predecessor-version":[{"id":3597,"href":"http:\/\/sindirefeicoesho1.hospedagemdesites.ws\/index.php?rest_route=\/wp\/v2\/pages\/1829\/revisions\/3597"}],"wp:attachment":[{"href":"http:\/\/sindirefeicoesho1.hospedagemdesites.ws\/index.php?rest_route=%2Fwp%2Fv2%2Fmedia&parent=1829"}],"curies":[{"name":"wp","href":"https:\/\/api.w.org\/{rel}","templated":true}]}}