{"id":17,"date":"2022-09-16T15:41:31","date_gmt":"2022-09-16T18:41:31","guid":{"rendered":"http:\/\/sindirefeicoesho1.hospedagemdesites.ws\/?page_id=17"},"modified":"2024-07-23T02:54:18","modified_gmt":"2024-07-23T05:54:18","slug":"institucional","status":"publish","type":"page","link":"http:\/\/sindirefeicoesho1.hospedagemdesites.ws\/?page_id=17","title":{"rendered":"Institucional"},"content":{"rendered":"\t\t<div data-elementor-type=\"wp-page\" data-elementor-id=\"17\" class=\"elementor elementor-17\">\n\t\t\t\t\t\t<section class=\"elementor-section elementor-top-section elementor-element elementor-element-2153c5c elementor-section-boxed elementor-section-height-default elementor-section-height-default\" data-id=\"2153c5c\" data-element_type=\"section\" data-e-type=\"section\" data-settings=\"{&quot;background_background&quot;:&quot;classic&quot;}\">\n\t\t\t\t\t\t<div class=\"elementor-container elementor-column-gap-default\">\n\t\t\t\t\t<div class=\"elementor-column elementor-col-100 elementor-top-column elementor-element elementor-element-f6094a8\" data-id=\"f6094a8\" data-element_type=\"column\" data-e-type=\"column\">\n\t\t\t<div class=\"elementor-widget-wrap elementor-element-populated\">\n\t\t\t\t\t\t<div class=\"elementor-element elementor-element-a6e9e8e elementor-icon-list--layout-inline elementor-align-start elementor-list-item-link-full_width elementor-widget elementor-widget-icon-list\" data-id=\"a6e9e8e\" data-element_type=\"widget\" data-e-type=\"widget\" data-widget_type=\"icon-list.default\">\n\t\t\t\t<div class=\"elementor-widget-container\">\n\t\t\t\t\t\t\t<ul class=\"elementor-icon-list-items elementor-inline-items\">\n\t\t\t\t\t\t\t<li class=\"elementor-icon-list-item elementor-inline-item\">\n\t\t\t\t\t\t\t\t\t\t<span class=\"elementor-icon-list-text\"><b>P\u00e1gina Principal <\/b><\/span>\n\t\t\t\t\t\t\t\t\t<\/li>\n\t\t\t\t\t\t\t\t<li class=\"elementor-icon-list-item elementor-inline-item\">\n\t\t\t\t\t\t\t\t\t\t\t<span class=\"elementor-icon-list-icon\">\n\t\t\t\t\t\t\t<i aria-hidden=\"true\" class=\"icon icon-right-arrow1\"><\/i>\t\t\t\t\t\t<\/span>\n\t\t\t\t\t\t\t\t\t\t<span class=\"elementor-icon-list-text\">Item N\u00ba 3 da lista<\/span>\n\t\t\t\t\t\t\t\t\t<\/li>\n\t\t\t\t\t\t<\/ul>\n\t\t\t\t\t\t<\/div>\n\t\t\t\t<\/div>\n\t\t\t\t\t<\/div>\n\t\t<\/div>\n\t\t\t\t\t<\/div>\n\t\t<\/section>\n\t\t\t\t<section class=\"elementor-section elementor-top-section elementor-element elementor-element-3846d3f elementor-section-content-middle elementor-section-height-min-height elementor-section-boxed elementor-section-height-default elementor-section-items-middle\" data-id=\"3846d3f\" data-element_type=\"section\" data-e-type=\"section\" data-settings=\"{&quot;background_background&quot;:&quot;classic&quot;}\">\n\t\t\t\t\t\t\t<div class=\"elementor-background-overlay\"><\/div>\n\t\t\t\t\t\t\t<div class=\"elementor-container elementor-column-gap-no\">\n\t\t\t\t\t<div class=\"elementor-column elementor-col-100 elementor-top-column elementor-element elementor-element-9acbe43\" data-id=\"9acbe43\" data-element_type=\"column\" data-e-type=\"column\">\n\t\t\t<div class=\"elementor-widget-wrap elementor-element-populated\">\n\t\t\t\t\t\t<div class=\"elementor-element elementor-element-73f867a elementor-widget elementor-widget-heading\" data-id=\"73f867a\" data-element_type=\"widget\" data-e-type=\"widget\" data-widget_type=\"heading.default\">\n\t\t\t\t<div class=\"elementor-widget-container\">\n\t\t\t\t\t<h3 class=\"elementor-heading-title elementor-size-default\">Quem somos<\/h3>\t\t\t\t<\/div>\n\t\t\t\t<\/div>\n\t\t\t\t\t<\/div>\n\t\t<\/div>\n\t\t\t\t\t<\/div>\n\t\t<\/section>\n\t\t\t\t<section class=\"elementor-section elementor-top-section elementor-element elementor-element-1d147afd elementor-section-content-middle elementor-section-boxed elementor-section-height-default elementor-section-height-default\" data-id=\"1d147afd\" data-element_type=\"section\" data-e-type=\"section\" data-settings=\"{&quot;background_background&quot;:&quot;classic&quot;}\">\n\t\t\t\t\t\t\t<div class=\"elementor-background-overlay\"><\/div>\n\t\t\t\t\t\t\t<div class=\"elementor-container elementor-column-gap-no\">\n\t\t\t\t\t<div class=\"elementor-column elementor-col-100 elementor-top-column elementor-element elementor-element-1a72140b\" data-id=\"1a72140b\" data-element_type=\"column\" data-e-type=\"column\">\n\t\t\t<div class=\"elementor-widget-wrap elementor-element-populated\">\n\t\t\t\t\t\t<div class=\"elementor-element elementor-element-708143fd elementor-widget elementor-widget-text-editor\" data-id=\"708143fd\" data-element_type=\"widget\" data-e-type=\"widget\" data-widget_type=\"text-editor.default\">\n\t\t\t\t<div class=\"elementor-widget-container\">\n\t\t\t\t\t\t\t\t\t<p>N\u00f3s somos o Sindicato dos Trabalhadores nas Empresas de Refei\u00e7\u00f5es Coletivas, Refei\u00e7\u00f5es R\u00e1pidas (Fast Food) e Afins do Estado do Rio de Janeiro. Um sindicato existe para defender e garantir os interesses comuns de seus representados, com foco no desenvolvimento da categoria. Juntos, lutamos por melhores sal\u00e1rios, por melhores condi\u00e7\u00f5es de trabalho e consequentemente, melhores condi\u00e7\u00f5es de vida para todos os trabalhadores da Categoria de Refei\u00e7\u00f5es.<\/p>\n<p><b>Existimos por voc\u00ea e para voc\u00ea! <\/b>Atrav\u00e9s de sua participa\u00e7\u00e3o direta nas contribui\u00e7\u00f5es, nas den\u00fancias, nas lutas e mobiliza\u00e7\u00f5es, escrevemos diariamente uma nova p\u00e1gina na hist\u00f3ria da gastronomia no estado do Rio de Janeiro. Em 1993 foi inaugurada a primeira sede. Hoje, s\u00e3o 02 (duas) sedes para ficarmos cada vez mais pr\u00f3ximos de nossos trabalhadores e trabalhadoras.<\/p>\n<p>Na Vila da Penha, temos a Sede Cozinha-Escola, que oferece cursos para capacita\u00e7\u00e3o e aperfei\u00e7oamento profissional dos trabalhadores. Al\u00e9m disso, temos os consult\u00f3rios m\u00e9dico, odontol\u00f3gico, de fisioterapia e de pilates para os associados. O sindicato tamb\u00e9m possui equipes de assessoria de base, escrit\u00f3rio de advocacia trabalhista, corpo de homologadores, assist\u00eancia e assessoria t\u00e9cnica qualificada para realiza\u00e7\u00e3o do atendimento direto ao trabalhador e suporte nas demais atividades.<\/p>\n<p>Toda estrutura \u00e9 pensada para nos dar melhores condi\u00e7\u00f5es de trabalhar na defesa e nos interesses da categoria, para melhor atender aos nossos trabalhadores e oferecer a todos uma melhor qualidade de vida.<\/p>\t\t\t\t\t\t\t\t<\/div>\n\t\t\t\t<\/div>\n\t\t\t\t\t<\/div>\n\t\t<\/div>\n\t\t\t\t\t<\/div>\n\t\t<\/section>\n\t\t\t\t<section class=\"elementor-section elementor-top-section elementor-element elementor-element-2969df6a elementor-section-content-middle elementor-section-boxed elementor-section-height-default elementor-section-height-default\" data-id=\"2969df6a\" data-element_type=\"section\" data-e-type=\"section\" data-settings=\"{&quot;background_background&quot;:&quot;classic&quot;}\">\n\t\t\t\t\t\t\t<div class=\"elementor-background-overlay\"><\/div>\n\t\t\t\t\t\t\t<div class=\"elementor-container elementor-column-gap-no\">\n\t\t\t\t\t<div class=\"elementor-column elementor-col-50 elementor-top-column elementor-element elementor-element-1121783d\" data-id=\"1121783d\" data-element_type=\"column\" data-e-type=\"column\">\n\t\t\t<div class=\"elementor-widget-wrap elementor-element-populated\">\n\t\t\t\t\t\t<div class=\"elementor-element elementor-element-6eee2b59 elementor-widget__width-initial elementor-widget elementor-widget-image\" data-id=\"6eee2b59\" data-element_type=\"widget\" data-e-type=\"widget\" data-widget_type=\"image.default\">\n\t\t\t\t<div class=\"elementor-widget-container\">\n\t\t\t\t\t\t\t\t\t\t\t\t\t\t\t<img fetchpriority=\"high\" decoding=\"async\" width=\"1008\" height=\"672\" src=\"https:\/\/sindirefeicoesrj.org.br\/wp-content\/uploads\/2024\/01\/DG1A2300_editada.png\" class=\"attachment-2048x2048 size-2048x2048 wp-image-2966\" alt=\"\" srcset=\"https:\/\/sindirefeicoesrj.org.br\/wp-content\/uploads\/2024\/01\/DG1A2300_editada.png 1008w, https:\/\/sindirefeicoesrj.org.br\/wp-content\/uploads\/2024\/01\/DG1A2300_editada-300x200.png 300w, https:\/\/sindirefeicoesrj.org.br\/wp-content\/uploads\/2024\/01\/DG1A2300_editada-768x512.png 768w\" sizes=\"(max-width: 1008px) 100vw, 1008px\" \/>\t\t\t\t\t\t\t\t\t\t\t\t\t\t\t<\/div>\n\t\t\t\t<\/div>\n\t\t\t\t\t<\/div>\n\t\t<\/div>\n\t\t\t\t<div class=\"elementor-column elementor-col-50 elementor-top-column elementor-element elementor-element-b2e7404\" data-id=\"b2e7404\" data-element_type=\"column\" data-e-type=\"column\">\n\t\t\t<div class=\"elementor-widget-wrap elementor-element-populated\">\n\t\t\t\t\t\t<div class=\"elementor-element elementor-element-2eff9213 elementor-widget elementor-widget-text-editor\" data-id=\"2eff9213\" data-element_type=\"widget\" data-e-type=\"widget\" data-widget_type=\"text-editor.default\">\n\t\t\t\t<div class=\"elementor-widget-container\">\n\t\t\t\t\t\t\t\t\t<p>\u201cO trabalhador confia no Sindi Refei\u00e7\u00f5es RJ porque n\u00f3s iniciamos a quebra de um paradigma. Hoje n\u00f3s n\u00e3o vivemos uma rela\u00e7\u00e3o de adversidade. Hoje somamos for\u00e7as pelo futuro da Categoria de Refei\u00e7\u00f5es, para VALORIZA\u00c7\u00c3O dos trabalhadores e para CONSOLIDA\u00c7\u00c3O do mercado, promovendo a rela\u00e7\u00e3o: Capital + Trabalho.<\/p>\t\t\t\t\t\t\t\t<\/div>\n\t\t\t\t<\/div>\n\t\t\t\t\t<\/div>\n\t\t<\/div>\n\t\t\t\t\t<\/div>\n\t\t<\/section>\n\t\t\t\t<\/div>\n\t\t","protected":false},"excerpt":{"rendered":"<p>P\u00e1gina Principal N\u00f3s somos o Sindicato dos Trabalhadores nas Empresas de Refei\u00e7\u00f5es Coletivas, Refei\u00e7\u00f5es R\u00e1pidas (Fast Food) e Afins do Estado do Rio de Janeiro. Um sindicato existe para defender e garantir os interesses comuns de seus representados, com foco no desenvolvimento da categoria. Juntos, lutamos por melhores sal\u00e1rios, por melhores condi\u00e7\u00f5es de trabalho e [&hellip;]<\/p>\n","protected":false},"author":1,"featured_media":0,"parent":0,"menu_order":0,"comment_status":"closed","ping_status":"closed","template":"elementor_header_footer","meta":{"footnotes":""},"class_list":["post-17","page","type-page","status-publish","hentry"],"_links":{"self":[{"href":"http:\/\/sindirefeicoesho1.hospedagemdesites.ws\/index.php?rest_route=\/wp\/v2\/pages\/17","targetHints":{"allow":["GET"]}}],"collection":[{"href":"http:\/\/sindirefeicoesho1.hospedagemdesites.ws\/index.php?rest_route=\/wp\/v2\/pages"}],"about":[{"href":"http:\/\/sindirefeicoesho1.hospedagemdesites.ws\/index.php?rest_route=\/wp\/v2\/types\/page"}],"author":[{"embeddable":true,"href":"http:\/\/sindirefeicoesho1.hospedagemdesites.ws\/index.php?rest_route=\/wp\/v2\/users\/1"}],"replies":[{"embeddable":true,"href":"http:\/\/sindirefeicoesho1.hospedagemdesites.ws\/index.php?rest_route=%2Fwp%2Fv2%2Fcomments&post=17"}],"version-history":[{"count":124,"href":"http:\/\/sindirefeicoesho1.hospedagemdesites.ws\/index.php?rest_route=\/wp\/v2\/pages\/17\/revisions"}],"predecessor-version":[{"id":3592,"href":"http:\/\/sindirefeicoesho1.hospedagemdesites.ws\/index.php?rest_route=\/wp\/v2\/pages\/17\/revisions\/3592"}],"wp:attachment":[{"href":"http:\/\/sindirefeicoesho1.hospedagemdesites.ws\/index.php?rest_route=%2Fwp%2Fv2%2Fmedia&parent=17"}],"curies":[{"name":"wp","href":"https:\/\/api.w.org\/{rel}","templated":true}]}}